{"id":11,"date":"2017-02-06T13:14:57","date_gmt":"2017-02-06T13:14:57","guid":{"rendered":"http:\/\/apartments-worms.de\/?page_id=11"},"modified":"2023-01-17T16:45:20","modified_gmt":"2023-01-17T16:45:20","slug":"uebersicht","status":"publish","type":"page","link":"https:\/\/apartments-worms.de\/en\/","title":{"rendered":"Overview"},"content":{"rendered":"<p><span id=\"result_box\" lang=\"en\" style=\"font-size: 12pt;\"><span title=\"Das Objekt \"><strong>The Building, Carl Schurz Stra\u00dfe 19, 47549 Worms<\/strong><\/span><\/span><\/p>\n<p><span id=\"result_box\" lang=\"en\"><span title=\"Das Haus in der Carl-Schurz Stra\u00dfe 19 in 47549 Worms ist konzipiert als Studentenwohnheim mit 8 Wohnungen.\">The house at Carl Schurz Stra\u00dfe 19 in 47549 Worms is designed as a student residence with 8 apartments. <\/span><span title=\"Pro Etage gibt es jeweils 2 Wohnungen mit 3-6 Zimmern.\">On each floor there are 2 apartments each with 3-6 rooms. <\/span><span title=\"Im Keller gibt es f\u00fcr jede Wohnung ein separates Abstellabteil und einen gro\u00dfen Waschraum mit Waschmaschinen und Trocknern zur allgemeinen Nutzung \u00fcber M\u00fcnzautomaten.\">In the cellar, there is a separate storage compartment for each apartment and a large laundry room with washing machines and dryers for general use via coin-operated machines. <\/span><span title=\"Zus\u00e4tzlich gibt es auch ausreichend Platz zum Abstellen von Fahrr\u00e4dern. \">There is also plenty of space for bicycles to park.<\/span><\/span><\/p>\n<p><span id=\"result_box\" lang=\"en\"><span title=\"Beheizt wird das Haus durch Fernw\u00e4rme aus einer zentralen Heizstation.\">The house is heated by district heating from a central heating station. <\/span><span title=\"Das Geb\u00e4ude wurde komplett saniert und um 2 Stockwerke erweitert.\">The building was completely renovated and extended by two floors. <\/span><span title=\"Die Wohnungen 7 und 8 sind komplett neu erstellt.\">The apartments 7 and 8 are completely recreated. <\/span><span title=\"Der Erstbezug war im Oktober 2012. \">The first occupancy was in October 2012.<\/span><\/span><\/p>\n<p><span style=\"font-size: 12pt;\"><strong><span title=\"Die Lage \">The Location<\/span><\/strong><\/span><\/p>\n<p><span id=\"result_box\" lang=\"en\"><span title=\"Die Carl-Schurz Stra\u00dfe liegt im Sanierungsgebiet \u201eLiebenauer Feld\u201c der Stadt Worms (www.liebenauer-feld.de).\">The Carl Schurz Strasse is in the redevelopment area &#8220;Liebenauer Feld&#8221; of the city Worms (<a href=\"http:\/\/www.liebenauer-feld.de\" target=\"_blank\" rel=\"noopener\">www.liebenauer-feld.de<\/a>). <\/span><span title=\"Das ehemalige Kasernengel\u00e4nde ist komplett neu gestaltet und \u00fcberwiegend neu bebaut mit modernen hochwertigen Wohnanlagen, aber auch Gesch\u00e4ftsgeb\u00e4uden wie z.B.\">The former barracks area has been completely redesigned and predominantly newly built with modern high-quality residential facilities, but also business premises such as S<\/span><span title=\"Supermarkt, Bank, Apotheke, Cafe, Eisdiele, \u00c4rztehaus, usw.. Das Gebiet ist sehr ruhig gelegen und trotzdem zentral.\">upermarket, bank, pharmacy, cafe, ice cream parlor, medical center, etc. The area is very quiet and yet central. <\/span><span title=\"Der Hauptbahnhof ist ca 1 km entfernt, die Innenstadt 1,5 km, die Hochschule liegt nur 0,8 km entfernt. \">The main train station is 1 km away, the city center is 1.5 km, the university is only 0.8 km away.<\/span><\/span><\/p>\n<p><span id=\"result_box\" lang=\"en\"><span title=\"Der Hauptbahnhof ist ca 1 km entfernt, die Innenstadt 1,5 km, die Hochschule liegt nur 0,8 km entfernt. \">T<\/span><span title=\"Vor dem Haus ist die Carl-Schurz Stra\u00dfe verkehrsberuhigt und somit ohne Autoverkehr.\">he Carl Schurz Strasse is traffic-calmed in front of the house and thus without car traffic.<\/span><\/span><\/p>\n<div id=\"metaslider-id-424\" style=\"width: 100%; margin: 0 auto;\" class=\"ml-slider-3-108-0 metaslider metaslider-flex metaslider-424 ml-slider has-dots-nav ms-theme-default\" role=\"region\" aria-label=\"House\" data-height=\"400\" data-width=\"600\">\n    <div id=\"metaslider_container_424\">\n        <div id=\"metaslider_424\">\n            <ul class='slides'>\n                <li style=\"display: block; width: 100%;\" class=\"slide-425 ms-image \" aria-roledescription=\"slide\" data-date=\"2023-01-17 16:34:32\" data-filename=\"Haus-von-vorne-rechts-0.jpg\" data-slide-type=\"image\"><img loading=\"lazy\" decoding=\"async\" width=\"900\" height=\"607\" src=\"https:\/\/apartments-worms.de\/wp-content\/uploads\/2017\/02\/Haus-von-vorne-rechts-0.jpg\" class=\"slider-424 slide-425 msDefaultImage\" alt=\"\" rel=\"\" title=\"Haus von vorne rechts\" style=\"margin: 0 auto; width: 98.846787479407%\" srcset=\"https:\/\/apartments-worms.de\/wp-content\/uploads\/2017\/02\/Haus-von-vorne-rechts-0.jpg 900w, https:\/\/apartments-worms.de\/wp-content\/uploads\/2017\/02\/Haus-von-vorne-rechts-0-300x202.jpg 300w, https:\/\/apartments-worms.de\/wp-content\/uploads\/2017\/02\/Haus-von-vorne-rechts-0-768x518.jpg 768w, https:\/\/apartments-worms.de\/wp-content\/uploads\/2017\/02\/Haus-von-vorne-rechts-0-624x421.jpg 624w\" sizes=\"auto, (max-width: 900px) 100vw, 900px\" \/><div class=\"caption-wrap\"><div class=\"caption\">House from the front right<\/div><\/div><\/li>\n                <li style=\"display: none; width: 100%;\" class=\"slide-426 ms-image \" aria-roledescription=\"slide\" data-date=\"2023-01-17 16:34:32\" data-filename=\"Haus-von-vorne-0.jpg\" data-slide-type=\"image\"><img loading=\"lazy\" decoding=\"async\" width=\"900\" height=\"599\" src=\"https:\/\/apartments-worms.de\/wp-content\/uploads\/2017\/02\/Haus-von-vorne-0.jpg\" class=\"slider-424 slide-426 msDefaultImage\" alt=\"\" rel=\"\" title=\"Haus von vorne\" style=\"margin-top: 0.055555555555557%\" srcset=\"https:\/\/apartments-worms.de\/wp-content\/uploads\/2017\/02\/Haus-von-vorne-0.jpg 900w, https:\/\/apartments-worms.de\/wp-content\/uploads\/2017\/02\/Haus-von-vorne-0-300x200.jpg 300w, https:\/\/apartments-worms.de\/wp-content\/uploads\/2017\/02\/Haus-von-vorne-0-768x511.jpg 768w, https:\/\/apartments-worms.de\/wp-content\/uploads\/2017\/02\/Haus-von-vorne-0-624x415.jpg 624w, https:\/\/apartments-worms.de\/wp-content\/uploads\/2017\/02\/Haus-von-vorne-0-600x400.jpg 600w\" sizes=\"auto, (max-width: 900px) 100vw, 900px\" \/><div class=\"caption-wrap\"><div class=\"caption\">House from the front<\/div><\/div><\/li>\n                <li style=\"display: none; width: 100%;\" class=\"slide-427 ms-image \" aria-roledescription=\"slide\" data-date=\"2023-01-17 16:34:32\" data-filename=\"Haus-von-vorne-links-0.jpg\" data-slide-type=\"image\"><img loading=\"lazy\" decoding=\"async\" width=\"900\" height=\"599\" src=\"https:\/\/apartments-worms.de\/wp-content\/uploads\/2017\/02\/Haus-von-vorne-links-0.jpg\" class=\"slider-424 slide-427 msDefaultImage\" alt=\"\" rel=\"\" title=\"Haus von vorne links\" style=\"margin-top: 0.055555555555557%\" srcset=\"https:\/\/apartments-worms.de\/wp-content\/uploads\/2017\/02\/Haus-von-vorne-links-0.jpg 900w, https:\/\/apartments-worms.de\/wp-content\/uploads\/2017\/02\/Haus-von-vorne-links-0-300x200.jpg 300w, https:\/\/apartments-worms.de\/wp-content\/uploads\/2017\/02\/Haus-von-vorne-links-0-768x511.jpg 768w, https:\/\/apartments-worms.de\/wp-content\/uploads\/2017\/02\/Haus-von-vorne-links-0-624x415.jpg 624w, https:\/\/apartments-worms.de\/wp-content\/uploads\/2017\/02\/Haus-von-vorne-links-0-600x400.jpg 600w\" sizes=\"auto, (max-width: 900px) 100vw, 900px\" \/><div class=\"caption-wrap\"><div class=\"caption\">House from the front left<\/div><\/div><\/li>\n                <li style=\"display: none; width: 100%;\" class=\"slide-428 ms-image \" aria-roledescription=\"slide\" data-date=\"2023-01-17 16:34:32\" data-filename=\"Haus-von-hinten-0.jpg\" data-slide-type=\"image\"><img loading=\"lazy\" decoding=\"async\" width=\"900\" height=\"599\" src=\"https:\/\/apartments-worms.de\/wp-content\/uploads\/2017\/02\/Haus-von-hinten-0.jpg\" class=\"slider-424 slide-428 msDefaultImage\" alt=\"\" rel=\"\" title=\"Haus von hinten\" style=\"margin-top: 0.055555555555557%\" srcset=\"https:\/\/apartments-worms.de\/wp-content\/uploads\/2017\/02\/Haus-von-hinten-0.jpg 900w, https:\/\/apartments-worms.de\/wp-content\/uploads\/2017\/02\/Haus-von-hinten-0-300x200.jpg 300w, https:\/\/apartments-worms.de\/wp-content\/uploads\/2017\/02\/Haus-von-hinten-0-768x511.jpg 768w, https:\/\/apartments-worms.de\/wp-content\/uploads\/2017\/02\/Haus-von-hinten-0-624x415.jpg 624w, https:\/\/apartments-worms.de\/wp-content\/uploads\/2017\/02\/Haus-von-hinten-0-600x400.jpg 600w\" sizes=\"auto, (max-width: 900px) 100vw, 900px\" \/><div class=\"caption-wrap\"><div class=\"caption\">House from behind<\/div><\/div><\/li>\n                <li style=\"display: none; width: 100%;\" class=\"slide-429 ms-image \" aria-roledescription=\"slide\" data-date=\"2023-01-17 16:34:32\" data-filename=\"Haus-von-hinten-links-0.jpg\" data-slide-type=\"image\"><img loading=\"lazy\" decoding=\"async\" width=\"900\" height=\"599\" src=\"https:\/\/apartments-worms.de\/wp-content\/uploads\/2017\/02\/Haus-von-hinten-links-0.jpg\" class=\"slider-424 slide-429 msDefaultImage\" alt=\"\" rel=\"\" title=\"Haus von hinten links\" style=\"margin-top: 0.055555555555557%\" srcset=\"https:\/\/apartments-worms.de\/wp-content\/uploads\/2017\/02\/Haus-von-hinten-links-0.jpg 900w, https:\/\/apartments-worms.de\/wp-content\/uploads\/2017\/02\/Haus-von-hinten-links-0-300x200.jpg 300w, https:\/\/apartments-worms.de\/wp-content\/uploads\/2017\/02\/Haus-von-hinten-links-0-768x511.jpg 768w, https:\/\/apartments-worms.de\/wp-content\/uploads\/2017\/02\/Haus-von-hinten-links-0-624x415.jpg 624w, https:\/\/apartments-worms.de\/wp-content\/uploads\/2017\/02\/Haus-von-hinten-links-0-600x400.jpg 600w\" sizes=\"auto, (max-width: 900px) 100vw, 900px\" \/><div class=\"caption-wrap\"><div class=\"caption\">House from the rear left<\/div><\/div><\/li>\n                <li style=\"display: none; width: 100%;\" class=\"slide-430 ms-image \" aria-roledescription=\"slide\" data-date=\"2023-01-17 16:34:32\" data-filename=\"Waschraum-0.jpg\" data-slide-type=\"image\"><img loading=\"lazy\" decoding=\"async\" width=\"900\" height=\"599\" src=\"https:\/\/apartments-worms.de\/wp-content\/uploads\/2017\/02\/Waschraum-0.jpg\" class=\"slider-424 slide-430 msDefaultImage\" alt=\"\" rel=\"\" title=\"Waschraum\" style=\"margin-top: 0.055555555555557%\" srcset=\"https:\/\/apartments-worms.de\/wp-content\/uploads\/2017\/02\/Waschraum-0.jpg 900w, https:\/\/apartments-worms.de\/wp-content\/uploads\/2017\/02\/Waschraum-0-300x200.jpg 300w, https:\/\/apartments-worms.de\/wp-content\/uploads\/2017\/02\/Waschraum-0-768x511.jpg 768w, https:\/\/apartments-worms.de\/wp-content\/uploads\/2017\/02\/Waschraum-0-624x415.jpg 624w, https:\/\/apartments-worms.de\/wp-content\/uploads\/2017\/02\/Waschraum-0-600x400.jpg 600w\" sizes=\"auto, (max-width: 900px) 100vw, 900px\" \/><div class=\"caption-wrap\"><div class=\"caption\">Laundry room<\/div><\/div><\/li>\n            <\/ul>\n        <\/div>\n        \n    <\/div>\n<\/div>\n<p>&nbsp;<\/p>\n<p><div id=\"lmm_42a2f816\" style=\"width:640px;\" class=\"mapsmarker layermap layer-1\">\n<div id=\"lmm_panel_42a2f816\" class=\"lmm-panel\" style=\"background:#efefef;\">\n<div id=\"lmm_panel_api_42a2f816\" class=\"lmm-panel-api\"><\/div><div id=\"lmm_panel_text_42a2f816\" class=\"lmm-panel-text\" style=\"font-weight:bold;color:#373737;\">Lage<\/div>\n<\/div>\n<div id=\"lmm_map_42a2f816\" class=\"lmm-map\" style=\"background:#f6f6f6;border:1px solid #ccc;height:480px; overflow:hidden;padding:0;\"><p style=\"font-size:80%;color:#9f9e9e;margin-left:5px;\">loading map - please wait...<noscript><br\/><strong>Map could not be loaded - please enable Javascript!<\/strong><br\/><a style=\"text-decoration:none;\" href=\"https:\/\/www.mapsmarker.com\/js-disabled\" target=\"_blank\">&rarr; more information<\/a><\/noscript><\/p><\/div>\n<div id=\"lmm_geo_tags_42a2f816_1\" class=\"lmm-geo-tags geo\">Apartments: <span class=\"latitude\">49.636005<\/span>, <span class=\"longitude\">8.350114<\/span><\/div>\n<div id=\"lmm_geo_tags_42a2f816_2\" class=\"lmm-geo-tags geo\">Hochschule Worms: <span class=\"latitude\">49.633111<\/span>, <span class=\"longitude\">8.343902<\/span><\/div>\n<div id=\"lmm_geo_tags_42a2f816_3\" class=\"lmm-geo-tags geo\">Hauptbahnhof: <span class=\"latitude\">49.634577<\/span>, <span class=\"longitude\">8.357098<\/span><\/div>\n<div id=\"lmm_geo_tags_42a2f816_4\" class=\"lmm-geo-tags geo\">Innenstadt: <span class=\"latitude\">49.632715<\/span>, <span class=\"longitude\">8.363181<\/span><\/div>\n<div id=\"lmm_listmarkers_42a2f816\" class=\"lmm-listmarkers\" style=\"width:640px;\">\n<table style=\"width:640px;\" id=\"lmm_listmarkers_table_42a2f816\" class=\"lmm-listmarkers-table\"><tr><td class=\"lmm-listmarkers-icon\"><img decoding=\"async\" style=\"border-radius:0;box-shadow:none;\" alt=\"marker icon\" src=\"https:\/\/apartments-worms.de\/wp-content\/plugins\/leaflet-maps-marker\/leaflet-dist\/images\/marker.png\" \/><\/td><td class=\"lmm-listmarkers-popuptext\"><div class=\"lmm-listmarkers-panel-icons\"><a href=\"https:\/\/maps.google.com\/maps?daddr=Worms++Rheinland-Pfalz%2C+Deutschland&amp;t=m&amp;layer=1&amp;doflg=ptk&amp;om=0\" target=\"_blank\" title=\"Get directions\"><img loading=\"lazy\" decoding=\"async\" alt=\"icon-car.png\" src=\"https:\/\/apartments-worms.de\/wp-content\/plugins\/leaflet-maps-marker\/inc\/img\/icon-car.png\" width=\"14\" height=\"14\" class=\"lmm-panel-api-images\" \/><\/a><\/div><span class=\"lmm-listmarkers-markername\">Apartments<\/span><br\/><span class=\"lmm-listmarkers-popuptext-only\"><\/span>Worms  Rheinland-Pfalz, Deutschland<\/td><\/tr><tr><td class=\"lmm-listmarkers-icon\"><img decoding=\"async\" style=\"border-radius:0;box-shadow:none;\" alt=\"marker icon\" src=\"https:\/\/apartments-worms.de\/wp-content\/uploads\/leaflet-maps-marker-icons\/university.png\" \/><\/td><td class=\"lmm-listmarkers-popuptext\"><div class=\"lmm-listmarkers-panel-icons\"><a href=\"https:\/\/maps.google.com\/maps?daddr=Worms++Rheinland-Pfalz%2C+Deutschland&amp;t=m&amp;layer=1&amp;doflg=ptk&amp;om=0\" target=\"_blank\" title=\"Get directions\"><img loading=\"lazy\" decoding=\"async\" alt=\"icon-car.png\" src=\"https:\/\/apartments-worms.de\/wp-content\/plugins\/leaflet-maps-marker\/inc\/img\/icon-car.png\" width=\"14\" height=\"14\" class=\"lmm-panel-api-images\" \/><\/a><\/div><span class=\"lmm-listmarkers-markername\">Hochschule Worms<\/span><br\/><span class=\"lmm-listmarkers-popuptext-only\"><\/span>Worms  Rheinland-Pfalz, Deutschland<\/td><\/tr><tr><td class=\"lmm-listmarkers-icon\"><img decoding=\"async\" style=\"border-radius:0;box-shadow:none;\" alt=\"marker icon\" src=\"https:\/\/apartments-worms.de\/wp-content\/uploads\/leaflet-maps-marker-icons\/train.png\" \/><\/td><td class=\"lmm-listmarkers-popuptext\"><div class=\"lmm-listmarkers-panel-icons\"><a href=\"https:\/\/maps.google.com\/maps?daddr=Worms++Rheinland-Pfalz%2C+Deutschland&amp;t=m&amp;layer=1&amp;doflg=ptk&amp;om=0\" target=\"_blank\" title=\"Get directions\"><img loading=\"lazy\" decoding=\"async\" alt=\"icon-car.png\" src=\"https:\/\/apartments-worms.de\/wp-content\/plugins\/leaflet-maps-marker\/inc\/img\/icon-car.png\" width=\"14\" height=\"14\" class=\"lmm-panel-api-images\" \/><\/a><\/div><span class=\"lmm-listmarkers-markername\">Hauptbahnhof<\/span><br\/><span class=\"lmm-listmarkers-popuptext-only\"><\/span>Worms  Rheinland-Pfalz, Deutschland<\/td><\/tr><tr><td class=\"lmm-listmarkers-icon\"><img decoding=\"async\" style=\"border-radius:0;box-shadow:none;\" alt=\"marker icon\" src=\"https:\/\/apartments-worms.de\/wp-content\/uploads\/leaflet-maps-marker-icons\/bigcity.png\" \/><\/td><td class=\"lmm-listmarkers-popuptext\"><div class=\"lmm-listmarkers-panel-icons\"><a href=\"https:\/\/maps.google.com\/maps?daddr=Worms++Rheinland-Pfalz%2C+Deutschland&amp;t=m&amp;layer=1&amp;doflg=ptk&amp;om=0\" target=\"_blank\" title=\"Get directions\"><img loading=\"lazy\" decoding=\"async\" alt=\"icon-car.png\" src=\"https:\/\/apartments-worms.de\/wp-content\/plugins\/leaflet-maps-marker\/inc\/img\/icon-car.png\" width=\"14\" height=\"14\" class=\"lmm-panel-api-images\" \/><\/a><\/div><span class=\"lmm-listmarkers-markername\">Innenstadt<\/span><br\/><span class=\"lmm-listmarkers-popuptext-only\"><\/span>Worms  Rheinland-Pfalz, Deutschland<\/td><\/tr><\/table><\/div><\/div><\/p>","protected":false},"excerpt":{"rendered":"<p>The Building, Carl Schurz Stra\u00dfe 19, 47549 Worms The house at Carl Schurz Stra\u00dfe 19 in 47549 Worms is designed as a student residence with 8 apartments. On each floor there are 2 apartments each with 3-6 rooms. In the cellar, there is a separate storage compartment for each apartment and a large laundry room [&hellip;]<\/p>\n","protected":false},"author":1,"featured_media":0,"parent":0,"menu_order":0,"comment_status":"closed","ping_status":"closed","template":"","meta":{"footnotes":""},"class_list":["post-11","page","type-page","status-publish","hentry"],"_links":{"self":[{"href":"https:\/\/apartments-worms.de\/en\/wp-json\/wp\/v2\/pages\/11","targetHints":{"allow":["GET"]}}],"collection":[{"href":"https:\/\/apartments-worms.de\/en\/wp-json\/wp\/v2\/pages"}],"about":[{"href":"https:\/\/apartments-worms.de\/en\/wp-json\/wp\/v2\/types\/page"}],"author":[{"embeddable":true,"href":"https:\/\/apartments-worms.de\/en\/wp-json\/wp\/v2\/users\/1"}],"replies":[{"embeddable":true,"href":"https:\/\/apartments-worms.de\/en\/wp-json\/wp\/v2\/comments?post=11"}],"version-history":[{"count":13,"href":"https:\/\/apartments-worms.de\/en\/wp-json\/wp\/v2\/pages\/11\/revisions"}],"predecessor-version":[{"id":431,"href":"https:\/\/apartments-worms.de\/en\/wp-json\/wp\/v2\/pages\/11\/revisions\/431"}],"wp:attachment":[{"href":"https:\/\/apartments-worms.de\/en\/wp-json\/wp\/v2\/media?parent=11"}],"curies":[{"name":"wp","href":"https:\/\/api.w.org\/{rel}","templated":true}]}}